{"id":980,"date":"2013-06-10T08:47:14","date_gmt":"2013-06-10T07:47:14","guid":{"rendered":"https:\/\/www.3via.org\/trivia\/?page_id=980"},"modified":"2024-09-19T08:10:19","modified_gmt":"2024-09-19T07:10:19","slug":"zasebnost-podatkov","status":"publish","type":"page","link":"https:\/\/www.3via.org\/trivia\/?page_id=980","title":{"rendered":"Zasebnost"},"content":{"rendered":"<p>Uredba EU o za\u0161\u010diti osebnih podatkov posameznikov dolo\u010da, da morajo po 25. maju 2018 vsi prejemniki potrditi, da \u017eelijo sprejemati na\u0161a obvestila.<\/p>\n<p>Za obve\u0161\u010danje javnosti in medijev uporabljamo spisek email naslovov, ki je nastal tekom let. Mnogi prejemniki so se sami naro\u010dili in s tem prejemanje na\u0161ih obvestil tudi potrdili. Drugih podatkov, kot so imena, naslovi, itd., ne bele\u017eimo.<\/p>\n<p>Spisek e-naslovov ni javno dostopen, teh podatkov pa ne posredujemo naprej in jih naknadno ne obdelujemo.<\/p>\n<p>Individualni uporabniki se z njihovimi e-naslovi prijavljajo prostovoljno in se lahko s klikom na povezavo vsebovano v vsaki prejeti e-po\u0161ti tudi odjavijo.<\/p>\n<p>Za normalno delovanje spletne strani uporabljamo &#8220;pi\u0161kotke&#8221;, ki so majhne datoteke, ki se shranijo v uporabnikov ra\u010dunalnik in si zapomnejo nekatere njihove nastavitve. Uporabljamo naslednje:<\/p>\n[ecd-cookie-table]\n<p>V primeru vklju\u010devanja tretjih strani z njihovo funkcionalnostjo (google.com, youtube.com, itd.), se k zgornjim dodajo \u0161e njihovi pi\u0161kotki.<\/p>\n","protected":false},"excerpt":{"rendered":"<p>Uredba EU o za\u0161\u010diti osebnih podatkov posameznikov dolo\u010da, da morajo po 25. maju 2018 vsi prejemniki potrditi, da \u017eelijo sprejemati na\u0161a obvestila. Za obve\u0161\u010danje javnosti in medijev uporabljamo spisek email naslovov, ki je nastal tekom let. Mnogi prejemniki so se sami naro\u010dili in s tem prejemanje na\u0161ih obvestil tudi potrdili. Drugih podatkov, kot so imena, [&hellip;]<\/p>\n","protected":false},"author":9,"featured_media":0,"parent":0,"menu_order":100,"comment_status":"closed","ping_status":"closed","template":"","meta":{"footnotes":""},"class_list":["post-980","page","type-page","status-publish","hentry"],"_links":{"self":[{"href":"https:\/\/www.3via.org\/trivia\/index.php?rest_route=\/wp\/v2\/pages\/980","targetHints":{"allow":["GET"]}}],"collection":[{"href":"https:\/\/www.3via.org\/trivia\/index.php?rest_route=\/wp\/v2\/pages"}],"about":[{"href":"https:\/\/www.3via.org\/trivia\/index.php?rest_route=\/wp\/v2\/types\/page"}],"author":[{"embeddable":true,"href":"https:\/\/www.3via.org\/trivia\/index.php?rest_route=\/wp\/v2\/users\/9"}],"replies":[{"embeddable":true,"href":"https:\/\/www.3via.org\/trivia\/index.php?rest_route=%2Fwp%2Fv2%2Fcomments&post=980"}],"version-history":[{"count":0,"href":"https:\/\/www.3via.org\/trivia\/index.php?rest_route=\/wp\/v2\/pages\/980\/revisions"}],"wp:attachment":[{"href":"https:\/\/www.3via.org\/trivia\/index.php?rest_route=%2Fwp%2Fv2%2Fmedia&parent=980"}],"curies":[{"name":"wp","href":"https:\/\/api.w.org\/{rel}","templated":true}]}}